{"id":378,"date":"2023-03-20T11:37:45","date_gmt":"2023-03-20T10:37:45","guid":{"rendered":"https:\/\/zmook.sk\/tagok\/"},"modified":"2023-03-20T17:54:54","modified_gmt":"2023-03-20T16:54:54","slug":"tagok","status":"publish","type":"page","link":"https:\/\/zmook.sk\/hu\/tagok\/","title":{"rendered":"Tagok"},"content":{"rendered":"\n<p><strong>Milyen el\u0151ny\u00f6kkel j\u00e1r a ZMOOK-tags\u00e1g?<\/strong><\/p>\n\n<p>Az egyes\u00fclethez val\u00f3 csatlakoz\u00e1s sz\u00e1mos el\u0151nnyel j\u00e1r, k\u00f6zt\u00fck a <strong>k\u00f6z\u00f6s felel\u0151ss\u00e9gv\u00e1llal\u00e1s<\/strong> lehet\u0151s\u00e9g\u00e9vel. Lehet\u0151s\u00e9get biztos\u00edt arra, hogy val\u00f3di \u00e9s tart\u00f3s hat\u00e1st gyakoroljon a region\u00e1lis t\u00e1rsadalomra. A tagok fontos szerepet j\u00e1tszanak a d\u00f6nt\u00e9shozatali folyamatokban, \u00e9s \u00edgy lehet\u0151s\u00e9g\u00fck van arra, hogy befoly\u00e1solj\u00e1k telep\u00fcl\u00e9s\u00fck j\u00f6v\u0151j\u00e9t.  <\/p>\n\n<p>Az egyes\u00fclet tagjak\u00e9nt a tagok k\u00f6z\u00f6sen, hat\u00e9konyabban <strong>\u00e9rv\u00e9nyes\u00edthetik az \u00e9rdekeiket<\/strong>. Az egyes\u00fcleti tagok \u00f6sszefogva er\u0151sebbek, \u00e9s jobban k\u00e9pesek k\u00e9pviselni a k\u00f6z\u00f6s \u00e9rdekeket, mint egyed\u00fcl. <\/p>\n\n<p>Az egyes\u00fcleti tagok k\u00f6z\u00f6tti kapcsolatok \u00e9s a k\u00f6z\u00f6s tev\u00e9kenys\u00e9gek r\u00e9v\u00e9n lehet\u0151s\u00e9g ny\u00edlik a <strong>tud\u00e1s- \u00e9s tapasztalatcser\u00e9re<\/strong>. Az egyes\u00fclet tagjai olyan inform\u00e1ci\u00f3khoz juthatnak hozz\u00e1, amelyek egyar\u00e1nt seg\u00edthetik az egy\u00e9ni, \u00e9s a k\u00f6z\u00f6ss\u00e9gi \u00e9letet. Az egyes\u00fclet tagjak\u00e9nt lehet\u0151s\u00e9g ny\u00edlik a r\u00e9gi\u00f3 fejleszt\u00e9s\u00e9ben val\u00f3 r\u00e9szv\u00e9telre. Az egyes\u00fclet tagjai hozz\u00e1j\u00e1rulhatnak a <strong>r\u00e9gi\u00f3 fejl\u0151d\u00e9s\u00e9hez<\/strong>, \u00e9s akt\u00edv r\u00e9sztvev\u0151i lehetnek a k\u00f6z\u00f6ss\u00e9gfejleszt\u00e9si folyamatnak. Az egyes\u00fclet tev\u00e9kenys\u00e9gei lehet\u0151v\u00e9 teszik a tagoknak, hogy k\u00f6z\u00f6sen dolgozzanak a r\u00e9gi\u00f3 gazdas\u00e1gi, t\u00e1rsadalmi \u00e9s k\u00f6rnyezeti fejl\u0151d\u00e9s\u00e9nek el\u0151seg\u00edt\u00e9s\u00e9n.   <\/p>\n\n<div class=\"wp-block-file\"><a id=\"wp-block-file--media-b9d2baca-96c2-4a31-8a7f-166b984996a1\" href=\"https:\/\/zmook.sk\/wp-content\/uploads\/2023\/03\/ZMOOK-Zakladatelska-zmluva-2014.pdf\" target=\"_blank\" rel=\"noreferrer noopener\">ZMOOK-Zakladatelska-zmluva-2014<\/a><\/div>\n\n<div class=\"wp-block-file\"><a id=\"wp-block-file--media-6480f023-a9d6-4184-9867-a693394d78e5\" href=\"https:\/\/zmook.sk\/wp-content\/uploads\/2023\/03\/Stanovy_ZMO_Komarno_02102014-UZ-v-zneni-D1.pdf\" target=\"_blank\" rel=\"noreferrer noopener\">Stanovy_ZMO_Komarno_02102014-UZ-v-zneni-D1<\/a><\/div>\n\n<iframe src=\"https:\/\/snazzymaps.com\/embed\/470714\" width=\"100%\" height=\"500px\" style=\"border:none;\"><\/iframe>\n","protected":false},"excerpt":{"rendered":"<p>Milyen el\u0151ny\u00f6kkel j\u00e1r a ZMOOK-tags\u00e1g? Az egyes\u00fclethez val\u00f3 csatlakoz\u00e1s sz\u00e1mos el\u0151nnyel j\u00e1r, k\u00f6zt\u00fck a k\u00f6z\u00f6s felel\u0151ss\u00e9gv\u00e1llal\u00e1s lehet\u0151s\u00e9g\u00e9vel. Lehet\u0151s\u00e9get biztos\u00edt arra, hogy val\u00f3di \u00e9s tart\u00f3s hat\u00e1st gyakoroljon a region\u00e1lis t\u00e1rsadalomra. A tagok fontos szerepet j\u00e1tszanak a d\u00f6nt\u00e9shozatali folyamatokban, \u00e9s \u00edgy lehet\u0151s\u00e9g\u00fck van arra, hogy befoly\u00e1solj\u00e1k telep\u00fcl\u00e9s\u00fck j\u00f6v\u0151j\u00e9t. Az egyes\u00fclet tagjak\u00e9nt a tagok k\u00f6z\u00f6sen, hat\u00e9konyabban \u00e9rv\u00e9nyes\u00edthetik az [&hellip;]<\/p>\n","protected":false},"author":1,"featured_media":321,"parent":0,"menu_order":0,"comment_status":"closed","ping_status":"closed","template":"","meta":{"footnotes":""},"class_list":["post-378","page","type-page","status-publish","has-post-thumbnail","hentry"],"_links":{"self":[{"href":"https:\/\/zmook.sk\/hu\/wp-json\/wp\/v2\/pages\/378","targetHints":{"allow":["GET"]}}],"collection":[{"href":"https:\/\/zmook.sk\/hu\/wp-json\/wp\/v2\/pages"}],"about":[{"href":"https:\/\/zmook.sk\/hu\/wp-json\/wp\/v2\/types\/page"}],"author":[{"embeddable":true,"href":"https:\/\/zmook.sk\/hu\/wp-json\/wp\/v2\/users\/1"}],"replies":[{"embeddable":true,"href":"https:\/\/zmook.sk\/hu\/wp-json\/wp\/v2\/comments?post=378"}],"version-history":[{"count":0,"href":"https:\/\/zmook.sk\/hu\/wp-json\/wp\/v2\/pages\/378\/revisions"}],"wp:featuredmedia":[{"embeddable":true,"href":"https:\/\/zmook.sk\/hu\/wp-json\/wp\/v2\/media\/321"}],"wp:attachment":[{"href":"https:\/\/zmook.sk\/hu\/wp-json\/wp\/v2\/media?parent=378"}],"curies":[{"name":"wp","href":"https:\/\/api.w.org\/{rel}","templated":true}]}}