{"id":382,"date":"2023-03-20T11:52:06","date_gmt":"2023-03-20T10:52:06","guid":{"rendered":"https:\/\/zmook.sk\/dokumentumok\/"},"modified":"2026-03-30T13:12:32","modified_gmt":"2026-03-30T11:12:32","slug":"dokumentumok","status":"publish","type":"page","link":"https:\/\/zmook.sk\/hu\/dokumentumok\/","title":{"rendered":"Dokumentumok"},"content":{"rendered":"\n<h3 class=\"wp-block-heading\">Strat\u00e9giai dokumentumok<\/h3>\n\n\n\n<div class=\"wp-block-file\"><a id=\"wp-block-file--media-98929442-81de-4829-a239-deca3d667829\" href=\"https:\/\/zmook.sk\/wp-content\/uploads\/2025\/11\/FINAL-PHRSR-SPR-Komarno-final-verzia-1.0-zapracovane-pripomienky.pdf\">Kom\u00e1romi j\u00e1r\u00e1s Gazdas\u00e1gi \u00e9s Szoci\u00e1lis Fejleszt\u00e9si Terve (PHRSR)<\/a><\/div>\n\n\n\n<div class=\"wp-block-file\"><a id=\"wp-block-file--media-1a39989f-1b49-4626-b963-3e6aed0240cd\" href=\"https:\/\/zmook.sk\/wp-content\/uploads\/2025\/11\/IUS-SPR-Komarno-final-zapracovane-pripomienky.pdf\">Integr\u00e1lt ter\u00fcleti strat\u00e9gia a Kom\u00e1romi t\u00e9rs\u00e9gre<\/a><\/div>\n\n\n\n<h3 class=\"wp-block-heading\">Jegyz\u0151k\u00f6nyvek az \u00fcl\u00e9sekr\u0151l<\/h3>\n\n\n\n<div class=\"wp-block-file\"><a id=\"wp-block-file--media-5f9591a3-b1cf-4b3c-81a5-f4f67908c516\" href=\"https:\/\/zmook.sk\/wp-content\/uploads\/2023\/03\/Zapisnica-5.-2.-2019.pdf\" target=\"_blank\" rel=\"noreferrer noopener\">Zapisnica-5.-2.-2019<\/a><\/div>\n\n\n\n<div class=\"wp-block-file\"><a id=\"wp-block-file--media-3b76d212-273e-4071-8f60-3a298709a207\" href=\"https:\/\/zmook.sk\/wp-content\/uploads\/2023\/03\/Zapisnica-3.-6.-2019.pdf\" target=\"_blank\" rel=\"noreferrer noopener\">Zapisnica-3.-6.-2019<\/a><\/div>\n\n\n\n<div class=\"wp-block-file\"><a id=\"wp-block-file--media-799bc52a-9f66-4e51-a1f8-d0a05fcb03a7\" href=\"https:\/\/zmook.sk\/wp-content\/uploads\/2023\/03\/Zapisnica-6.-8.-2020.pdf\" target=\"_blank\" rel=\"noreferrer noopener\">Zapisnica-6.-8.-2020<\/a><\/div>\n\n\n\n<div class=\"wp-block-file\"><a id=\"wp-block-file--media-af596de3-673e-4a7f-9a7a-836f034d106e\" href=\"https:\/\/zmook.sk\/wp-content\/uploads\/2023\/03\/Zapisnica-29.-9.-2020.pdf\" target=\"_blank\" rel=\"noreferrer noopener\">Zapisnica-29.-9.-2020<\/a><\/div>\n\n\n\n<div class=\"wp-block-file\"><a id=\"wp-block-file--media-268bf572-5fa5-416c-962b-874e67d9cb98\" href=\"https:\/\/zmook.sk\/wp-content\/uploads\/2023\/03\/Zapisnica-zo-zasadnutia-VZ-dna-15.-06.-2021.pdf\" target=\"_blank\" rel=\"noreferrer noopener\">Zapisnica-zo-zasadnutia-VZ-dna-15.-06.-2021<\/a><\/div>\n\n\n\n<div class=\"wp-block-file\"><a id=\"wp-block-file--media-69dd41c6-08c8-43f2-97e8-e1f5ed813e3a\" href=\"https:\/\/zmook.sk\/wp-content\/uploads\/2023\/03\/Zapisnica-zo-zasadnutia-VZ-dna-10.-05.-2022.pdf\" target=\"_blank\" rel=\"noreferrer noopener\">Zapisnica-zo-zasadnutia-VZ-dna-10.-05.-2022<\/a><\/div>\n\n\n\n<div class=\"wp-block-file\"><a id=\"wp-block-file--media-5965e779-2bd0-4b39-b4fd-2cde984fc1b8\" href=\"https:\/\/zmook.sk\/wp-content\/uploads\/2023\/10\/Zapisnica-z-12.-zas.-VH-ZMOOK-OK.pdf\">Zapisnica-z-12.-zas.-VH-ZMOOK-OK<\/a><\/div>\n\n\n\n<div class=\"wp-block-file\"><a id=\"wp-block-file--media-32e589e0-f542-4a1e-8b84-c67217ffc3bb\" href=\"https:\/\/zmook.sk\/wp-content\/uploads\/2023\/07\/Zapsinica-z-hlasovania-per-rollam-zo-dna-15.-20.-februara-2023-na-web.pdf\">Z\u00e1pisnica z hlasovania per rollam_15. &#8211; 20. febru\u00e1ra 2023<\/a><\/div>\n\n\n\n<div class=\"wp-block-file\"><a id=\"wp-block-file--media-53a2b42c-8098-41ac-a015-fc92271f8c51\" href=\"https:\/\/zmook.sk\/wp-content\/uploads\/2023\/11\/ZMOOK-Zapisnica-z-hlasovania-per-rollam-06.-10.-novembra-2023.pdf\">ZMOOK-Zapisnica-z-hlasovania-per-rollam-06.-10.-novembra-2023<\/a><\/div>\n\n\n\n<div class=\"wp-block-file\"><a id=\"wp-block-file--media-be85e745-411b-4a0d-9309-7dd37d64e050\" href=\"https:\/\/zmook.sk\/wp-content\/uploads\/2024\/07\/Zapisnica-z-hlasovania-per-rollam-zo-dna-12.-19.-juna-2024.pdf\">Z\u00e1pisnica z hlasovania per rollam zo d\u0148a 12. &#8211; 19. j\u00fana 2024<\/a><\/div>\n\n\n\n<div class=\"wp-block-file\"><a id=\"wp-block-file--media-010aef54-46a3-4574-9a9a-b2e334e1c4a9\" href=\"https:\/\/zmook.sk\/wp-content\/uploads\/2024\/09\/Zapisnica-z-hlasovania-per-rollam-zo-dna-05.-08.-septembra-2024.pdf\">Z\u00e1pisnica z hlasovania per rollam zo d\u0148a 05. &#8211; 08. septembra 2024<\/a><\/div>\n\n\n\n<div class=\"wp-block-file\"><a id=\"wp-block-file--media-0236caef-09f9-40db-b713-9b7e6f22cf38\" href=\"https:\/\/zmook.sk\/wp-content\/uploads\/2025\/03\/Zapisnica-z-13.-zas.-VZ-ZMOOK-OK-web.pdf\">Z\u00e1pisnica z 13. zas. VZ ZMOOK<\/a><\/div>\n\n\n\n<div class=\"wp-block-file\"><a id=\"wp-block-file--media-519cc554-2507-4988-8268-38176b880e36\" href=\"https:\/\/zmook.sk\/wp-content\/uploads\/2025\/03\/Zapisnica-zo-14.-zas.-VH-ZMOOK-web.pdf\">Z\u00e1pisnica zo 14. zas. VH ZMOOK<\/a><\/div>\n\n\n\n<div class=\"wp-block-file\"><a id=\"wp-block-file--media-1110\" href=\"https:\/\/zmook.sk\/wp-content\/uploads\/2026\/03\/ZC3A1pisnica20z2016.20zas.20VZ20ZMOOK.pdf\">Jegyz\u0151k\u00f6nyv a 16. k\u00f6zgy\u0171l\u00e9sr\u0151l (Z\u00e1pisnica z 16. zas. VZ ZMOOK)<\/a><\/div>\n\n\n\n<h3 class=\"wp-block-heading\">Alapdokumentumok<\/h3>\n\n\n\n<div class=\"wp-block-file\"><a id=\"wp-block-file--media-ad776f13-adc7-4fbf-afd5-2b433e283bb5\" href=\"https:\/\/zmook.sk\/wp-content\/uploads\/2023\/10\/Zakladatelska-zmluva-ZMOOK.pdf\" target=\"_blank\" rel=\"noreferrer noopener\">Zakladate\u013esk\u00e1 zmluva &#8211; ZMOOK<\/a><\/div>\n\n\n\n<div class=\"wp-block-file\"><a id=\"wp-block-file--media-8a8a8242-a489-4c24-8513-5a94314cdb75\" href=\"https:\/\/zmook.sk\/wp-content\/uploads\/2023\/03\/Stanovy_ZMO_Komarno_02102014-UZ-v-zneni-D1.pdf\" target=\"_blank\" rel=\"noreferrer noopener\">Stanovy_ZMO_Komarno_02102014-UZ-v-zneni-D1<\/a><\/div>\n\n\n\n<h3 class=\"wp-block-heading\">Hat\u00e1rozatok<\/h3>\n\n\n\n<div class=\"wp-block-file\"><a id=\"wp-block-file--media-87521003-ae7b-4906-a0c3-0881137e7c4a\" href=\"https:\/\/zmook.sk\/wp-content\/uploads\/2023\/07\/Uznesenia-na-web-27_01_2023.pdf\">Uznesenia z 12. zasadnutia VZ _ 27. 01. 2023<\/a><\/div>\n\n\n\n<div class=\"wp-block-file\"><a id=\"wp-block-file--media-d3ece6b6-b1af-4cde-873a-9e1011df6871\" href=\"https:\/\/zmook.sk\/wp-content\/uploads\/2023\/07\/Uznesenia-per-rollam-na-web-15.-20.-februara-2023.pdf\">Uznesenia z hlasovania per rollam_15. &#8211; 20. febru\u00e1ra 2023<\/a><\/div>\n\n\n\n<div class=\"wp-block-file\"><a id=\"wp-block-file--media-12a67352-d005-4b0a-8ba9-08184b2e5f7d\" href=\"https:\/\/zmook.sk\/wp-content\/uploads\/2023\/11\/Uznesenia-z-13.-zas-VZ-ZMOOK.pdf\">Uznesenia-z-13.-zas-VZ-ZMOOK<\/a><\/div>\n\n\n\n<div class=\"wp-block-file\"><a id=\"wp-block-file--media-d2f25532-f367-4973-b9c7-486ffba6f1cf\" href=\"https:\/\/zmook.sk\/wp-content\/uploads\/2023\/11\/Uznesenia-mimo-zas.-VZ-per-rollam-november-2023.pdf\">Uznesenia-mimo-zas.-VZ-per-rollam-november-2023<\/a><\/div>\n\n\n\n<div class=\"wp-block-file\"><a id=\"wp-block-file--media-d2f25532-f367-4973-b9c7-486ffba6f1cf\" href=\"https:\/\/zmook.sk\/wp-content\/uploads\/2024\/02\/Uznesenia-web-15.-02.-2024.pdf\">Uznesenia-web-15.-02.-2024<\/a><\/div>\n\n\n\n<div class=\"wp-block-file\"><a id=\"wp-block-file--media-16894662-f5ce-4a78-9dfe-4ad3830eb187\" href=\"https:\/\/zmook.sk\/wp-content\/uploads\/2025\/03\/Uznesenia-15.-zasadnutie-valneho-zdhormazdenia.pdf\">Uznesenia &#8211; 15. zasadnutie valn\u00e9ho zdhorma\u017edenia<\/a><\/div>\n\n\n\n<div class=\"wp-block-file\"><a id=\"wp-block-file--media-1723d7aa-b1b6-4a6c-b7ec-5e8531c224c6\" href=\"https:\/\/zmook.sk\/wp-content\/uploads\/2025\/03\/Uznesenia-per-rollam-12.-19.-juna-2024.pdf\">Uznesenia per rollam &#8211; 12. &#8211; 19. j\u00fana 2024<\/a><\/div>\n\n\n\n<div class=\"wp-block-file\"><a id=\"wp-block-file--media-14f7248e-8050-47df-8952-ad850be4e126\" href=\"https:\/\/zmook.sk\/wp-content\/uploads\/2025\/03\/Uznesenia-per-rollam-05.-08.-sept.-2024.pdf\">Uznesenia per rollam &#8211; 05. &#8211; 08. sept. 2024<\/a><\/div>\n\n\n\n<div class=\"wp-block-file\"><a id=\"wp-block-file--media-1112\" href=\"https:\/\/zmook.sk\/wp-content\/uploads\/2026\/03\/Uznesenia_16.20zas.20VZ.pdf\">Hat\u00e1rozatok a 16. k\u00f6zgy\u0171l\u00e9sr\u0151l (Uznesenia z 16. zasadnutia VZ)<\/a><\/div>\n\n\n\n<div class=\"wp-block-file\"><a id=\"wp-block-file--media-1114\" href=\"https:\/\/zmook.sk\/wp-content\/uploads\/2026\/03\/PrC3ADloha20k20uzn.2027_202620PRIORITY20ROZVOJA20JUC5BDNC389HO20REGIC393NU.pdf\">Mell\u00e9klet a 27\/2026 hat\u00e1rozathoz &#8211; D\u00e9li r\u00e9gi\u00f3 fejleszt\u00e9si priorit\u00e1sai<\/a><\/div>\n\n\n\n<h3 class=\"wp-block-heading\">Szerz\u0151d\u00e9sek<\/h3>\n\n\n\n<div class=\"wp-block-file\"><a id=\"wp-block-file--media-7f41939d-8966-4cf5-92f8-7461c1b08f15\" href=\"https:\/\/zmook.sk\/wp-content\/uploads\/2023\/11\/Fazikova-Maria-prikazna-zmluva.pdf\">Fazikova-Maria-prikazna-zmluva<\/a><\/div>\n\n\n\n<div class=\"wp-block-file\"><a id=\"wp-block-file--media-7f41939d-8966-4cf5-92f8-7461c1b08f15\" href=\"https:\/\/zmook.sk\/wp-content\/uploads\/2024\/03\/Prikazna-zmluva-Maria-Fazikova-IUS-SPR.pdf\">Pr\u00edkazn\u00e1 zmluva &#8211; M\u00e1ria F\u00e1zikov\u00e1 &#8211; I\u00daS SPR<\/a><\/div>\n","protected":false},"excerpt":{"rendered":"<p>Strat\u00e9giai dokumentumok Jegyz\u0151k\u00f6nyvek az \u00fcl\u00e9sekr\u0151l Alapdokumentumok Hat\u00e1rozatok Szerz\u0151d\u00e9sek<\/p>\n","protected":false},"author":1,"featured_media":321,"parent":0,"menu_order":0,"comment_status":"closed","ping_status":"closed","template":"","meta":{"footnotes":""},"class_list":["post-382","page","type-page","status-publish","has-post-thumbnail","hentry"],"_links":{"self":[{"href":"https:\/\/zmook.sk\/hu\/wp-json\/wp\/v2\/pages\/382","targetHints":{"allow":["GET"]}}],"collection":[{"href":"https:\/\/zmook.sk\/hu\/wp-json\/wp\/v2\/pages"}],"about":[{"href":"https:\/\/zmook.sk\/hu\/wp-json\/wp\/v2\/types\/page"}],"author":[{"embeddable":true,"href":"https:\/\/zmook.sk\/hu\/wp-json\/wp\/v2\/users\/1"}],"replies":[{"embeddable":true,"href":"https:\/\/zmook.sk\/hu\/wp-json\/wp\/v2\/comments?post=382"}],"version-history":[{"count":16,"href":"https:\/\/zmook.sk\/hu\/wp-json\/wp\/v2\/pages\/382\/revisions"}],"predecessor-version":[{"id":1120,"href":"https:\/\/zmook.sk\/hu\/wp-json\/wp\/v2\/pages\/382\/revisions\/1120"}],"wp:featuredmedia":[{"embeddable":true,"href":"https:\/\/zmook.sk\/hu\/wp-json\/wp\/v2\/media\/321"}],"wp:attachment":[{"href":"https:\/\/zmook.sk\/hu\/wp-json\/wp\/v2\/media?parent=382"}],"curies":[{"name":"wp","href":"https:\/\/api.w.org\/{rel}","templated":true}]}}