{"id":384,"date":"2023-03-20T10:41:40","date_gmt":"2023-03-20T09:41:40","guid":{"rendered":"https:\/\/zmook.sk\/rolunk\/"},"modified":"2023-03-20T17:57:06","modified_gmt":"2023-03-20T16:57:06","slug":"rolunk","status":"publish","type":"page","link":"https:\/\/zmook.sk\/hu\/rolunk\/","title":{"rendered":"R\u00f3lunk"},"content":{"rendered":"\n<p>Egyes\u00fclet\u00fcnk az \u00f6sszetart\u00f3 r\u00e9gi\u00f3 l\u00e9trehoz\u00e1s\u00e1\u00e9rt sz\u00fcletett meg. C\u00e9lunk, hogy a Kom\u00e1romi j\u00e1r\u00e1s k\u00fcl\u00f6nb\u00f6z\u0151 telep\u00fcl\u00e9sein \u00e9l\u0151k k\u00f6z\u00f6s \u00e9rdekeit k\u00e9pviselje, \u00e9s seg\u00edtse a telep\u00fcl\u00e9sek fejl\u0151d\u00e9s\u00e9t. <\/p>\n\n<p>Egyes\u00fclet\u00fcnk tagjai akt\u00edvan r\u00e9szt vesznek a helyi k\u00f6z\u00f6ss\u00e9g \u00e9let\u00e9ben, \u00e9s \u00f6sszefogva seg\u00edtenek a r\u00e9gi\u00f3 probl\u00e9m\u00e1inak megold\u00e1s\u00e1ban. Legyen sz\u00f3 infrastruktur\u00e1lis vagy kultur\u00e1lis fejleszt\u00e9sekr\u0151l, a telep\u00fcl\u00e9sek lak\u00f3inak \u00e9rdekeit tartjuk szem el\u0151tt. <\/p>\n\n<p>C\u00e9lunk, hogy r\u00e9gi\u00f3inkat \u00f6sszetartsuk \u00e9s fejlessz\u00fck, ez\u00e1ltal seg\u00edtve az itt \u00e9l\u0151k boldog \u00e9s eredm\u00e9nyes \u00e9let\u00e9t. Folyamatosan nyitunk az \u00faj \u00f6tletekre, \u00e9s b\u00e1rmilyen seg\u00edts\u00e9gre sz\u00fcks\u00e9g van a k\u00f6z\u00f6ss\u00e9g \u00e9rdek\u00e9ben, sz\u00edvesen \u00e1llunk rendelkez\u00e9sre. <\/p>\n\n<p>Egy\u00fctt er\u0151sebbek vagyunk, \u00e9s t\u00f6bbet \u00e9rhet\u00fcnk el a k\u00f6z\u00f6s c\u00e9lok\u00e9rt!<br\/><\/p>\n\n<div class=\"wp-block-buttons has-custom-font-size has-medium-font-size is-nowrap is-layout-flex wp-container-core-buttons-is-layout-6c531013 wp-block-buttons-is-layout-flex\">\n<div class=\"wp-block-button has-custom-font-size has-medium-font-size\"><a class=\"wp-block-button__link wp-element-button\" href=\"https:\/\/zmook.sk\/hu\/tagok\/\" style=\"border-radius:15px\">ZMOOK tagok list\u00e1ja<\/a><\/div>\n<\/div>\n","protected":false},"excerpt":{"rendered":"<p>Egyes\u00fclet\u00fcnk az \u00f6sszetart\u00f3 r\u00e9gi\u00f3 l\u00e9trehoz\u00e1s\u00e1\u00e9rt sz\u00fcletett meg. C\u00e9lunk, hogy a Kom\u00e1romi j\u00e1r\u00e1s k\u00fcl\u00f6nb\u00f6z\u0151 telep\u00fcl\u00e9sein \u00e9l\u0151k k\u00f6z\u00f6s \u00e9rdekeit k\u00e9pviselje, \u00e9s seg\u00edtse a telep\u00fcl\u00e9sek fejl\u0151d\u00e9s\u00e9t. Egyes\u00fclet\u00fcnk tagjai akt\u00edvan r\u00e9szt vesznek a helyi k\u00f6z\u00f6ss\u00e9g \u00e9let\u00e9ben, \u00e9s \u00f6sszefogva seg\u00edtenek a r\u00e9gi\u00f3 probl\u00e9m\u00e1inak megold\u00e1s\u00e1ban. Legyen sz\u00f3 infrastruktur\u00e1lis vagy kultur\u00e1lis fejleszt\u00e9sekr\u0151l, a telep\u00fcl\u00e9sek lak\u00f3inak \u00e9rdekeit tartjuk szem el\u0151tt. C\u00e9lunk, hogy r\u00e9gi\u00f3inkat [&hellip;]<\/p>\n","protected":false},"author":1,"featured_media":321,"parent":0,"menu_order":0,"comment_status":"closed","ping_status":"closed","template":"","meta":{"footnotes":""},"class_list":["post-384","page","type-page","status-publish","has-post-thumbnail","hentry"],"_links":{"self":[{"href":"https:\/\/zmook.sk\/hu\/wp-json\/wp\/v2\/pages\/384","targetHints":{"allow":["GET"]}}],"collection":[{"href":"https:\/\/zmook.sk\/hu\/wp-json\/wp\/v2\/pages"}],"about":[{"href":"https:\/\/zmook.sk\/hu\/wp-json\/wp\/v2\/types\/page"}],"author":[{"embeddable":true,"href":"https:\/\/zmook.sk\/hu\/wp-json\/wp\/v2\/users\/1"}],"replies":[{"embeddable":true,"href":"https:\/\/zmook.sk\/hu\/wp-json\/wp\/v2\/comments?post=384"}],"version-history":[{"count":0,"href":"https:\/\/zmook.sk\/hu\/wp-json\/wp\/v2\/pages\/384\/revisions"}],"wp:featuredmedia":[{"embeddable":true,"href":"https:\/\/zmook.sk\/hu\/wp-json\/wp\/v2\/media\/321"}],"wp:attachment":[{"href":"https:\/\/zmook.sk\/hu\/wp-json\/wp\/v2\/media?parent=384"}],"curies":[{"name":"wp","href":"https:\/\/api.w.org\/{rel}","templated":true}]}}